{"id":976,"date":"2021-07-06T14:29:24","date_gmt":"2021-07-06T12:29:24","guid":{"rendered":"https:\/\/shop.diebss.de\/?post_type=product&#038;p=976"},"modified":"2022-05-25T21:09:28","modified_gmt":"2022-05-25T19:09:28","slug":"saccoo-rucksack-musters","status":"publish","type":"product","link":"https:\/\/diebss.de\/?product=saccoo-rucksack-musters","title":{"rendered":"Saccoo Rucksack &#8222;Musters&#8220;"},"content":{"rendered":"<p>Saccoo Rucksack &#8222;Musters&#8220; mit zwei offenen Einstecktaschen vorne und gro\u00dfem RV-Fach am R\u00fccken. Tragegriff und gepolsterte, verstellbare Trageriemen. Pflanzlich gegerbtes Rind-Leder.<br \/>\nInnen ein gepolstertes Laptop-Fach, ein gro\u00dfes offenes Einsteckfach sowie eine mittelgro\u00dfe RV-Tasche und ein kleines offenes Steckfach, vier Kartenf\u00e4cher, eine Stifthalterung und ein Fach f\u00fcrs Handy.<\/p>\n<p>Ma\u00dfe: Breite 32 cm, H\u00f6he 40 cm, Tiefe 5 cm.<\/p>\n","protected":false},"excerpt":{"rendered":"<p>Saccoo Rucksack &#8222;Musters&#8220; mit zwei offenen Einstecktaschen vorne und gro\u00dfem RV-Fach am R\u00fccken. Tragegriff und gepolsterte, verstellbare Trageriemen. Pflanzlich gegerbtes Rind-Leder. Innen ein gepolstertes Laptop-Fach, ein gro\u00dfes offenes Einsteckfach sowie eine mittelgro\u00dfe RV-Tasche und ein kleines offenes Steckfach, vier Kartenf\u00e4cher, eine Stifthalterung und ein Fach f\u00fcrs Handy. Ma\u00dfe: Breite 32 cm, H\u00f6he 40 cm, Tiefe [&hellip;]<\/p>\n","protected":false},"featured_media":728,"template":"","meta":[],"product_brand":[],"product_cat":[67,66],"product_tag":[95],"class_list":{"0":"post-976","1":"product","2":"type-product","3":"status-publish","4":"has-post-thumbnail","6":"product_cat-saccoo","7":"product_cat-taschen-rucksaecke","8":"product_tag-rucksack","10":"first","11":"instock","12":"taxable","13":"shipping-taxable","14":"purchasable","15":"product-type-variable"},"_links":{"self":[{"href":"https:\/\/diebss.de\/index.php?rest_route=\/wp\/v2\/product\/976","targetHints":{"allow":["GET"]}}],"collection":[{"href":"https:\/\/diebss.de\/index.php?rest_route=\/wp\/v2\/product"}],"about":[{"href":"https:\/\/diebss.de\/index.php?rest_route=\/wp\/v2\/types\/product"}],"wp:featuredmedia":[{"embeddable":true,"href":"https:\/\/diebss.de\/index.php?rest_route=\/wp\/v2\/media\/728"}],"wp:attachment":[{"href":"https:\/\/diebss.de\/index.php?rest_route=%2Fwp%2Fv2%2Fmedia&parent=976"}],"wp:term":[{"taxonomy":"product_brand","embeddable":true,"href":"https:\/\/diebss.de\/index.php?rest_route=%2Fwp%2Fv2%2Fproduct_brand&post=976"},{"taxonomy":"product_cat","embeddable":true,"href":"https:\/\/diebss.de\/index.php?rest_route=%2Fwp%2Fv2%2Fproduct_cat&post=976"},{"taxonomy":"product_tag","embeddable":true,"href":"https:\/\/diebss.de\/index.php?rest_route=%2Fwp%2Fv2%2Fproduct_tag&post=976"}],"curies":[{"name":"wp","href":"https:\/\/api.w.org\/{rel}","templated":true}]}}