{"id":972,"date":"2021-07-06T14:26:05","date_gmt":"2021-07-06T12:26:05","guid":{"rendered":"https:\/\/shop.diebss.de\/?post_type=product&#038;p=972"},"modified":"2022-05-25T21:09:28","modified_gmt":"2022-05-25T19:09:28","slug":"saccoo-rucksack-la-paz","status":"publish","type":"product","link":"https:\/\/diebss.de\/?product=saccoo-rucksack-la-paz","title":{"rendered":"Saccoo Rucksack &#8222;La Paz&#8220;"},"content":{"rendered":"<p>Saccoo Rucksack &#8222;La Paz&#8220; in leicht asymmetrischer Form: Die rechte Ecke oben ist abgerundet im Gegensatz zur linken. Mit Tragegriff und gepolsterten, verstellbaren Trageriemen. Pflanzlich gegerbtes Rindleder.<br \/>\nGro\u00dfe Rei\u00dfverschlusstasche am R\u00fccken (siehe Foto in Schwarz). Innen gepolstertes Laptop-Fach, mittelgro\u00dfes RV-Fach und gro\u00dfes offenes Einsteckfach sowie vier Karten-Steckf\u00e4cher und Schl\u00fcsselfinder.<br \/>\nZierband vorne kann als Halteband dienen und \u00fcber den Rollkoffer-Griff gestreift werden. Der Allrounder schlechthin.<\/p>\n<p>Ma\u00dfe: Breite 35 cm, H\u00f6he 42 cm, Tiefe 8 cm<\/p>\n","protected":false},"excerpt":{"rendered":"<p>Saccoo Rucksack &#8222;La Paz&#8220; in leicht asymmetrischer Form: Die rechte Ecke oben ist abgerundet im Gegensatz zur linken. Mit Tragegriff und gepolsterten, verstellbaren Trageriemen. Pflanzlich gegerbtes Rindleder. Gro\u00dfe Rei\u00dfverschlusstasche am R\u00fccken (siehe Foto in Schwarz). Innen gepolstertes Laptop-Fach, mittelgro\u00dfes RV-Fach und gro\u00dfes offenes Einsteckfach sowie vier Karten-Steckf\u00e4cher und Schl\u00fcsselfinder. Zierband vorne kann als Halteband dienen [&hellip;]<\/p>\n","protected":false},"featured_media":731,"template":"","meta":[],"product_brand":[],"product_cat":[67,66],"product_tag":[95],"class_list":{"0":"post-972","1":"product","2":"type-product","3":"status-publish","4":"has-post-thumbnail","6":"product_cat-saccoo","7":"product_cat-taschen-rucksaecke","8":"product_tag-rucksack","10":"first","11":"instock","12":"taxable","13":"shipping-taxable","14":"purchasable","15":"product-type-variable"},"_links":{"self":[{"href":"https:\/\/diebss.de\/index.php?rest_route=\/wp\/v2\/product\/972","targetHints":{"allow":["GET"]}}],"collection":[{"href":"https:\/\/diebss.de\/index.php?rest_route=\/wp\/v2\/product"}],"about":[{"href":"https:\/\/diebss.de\/index.php?rest_route=\/wp\/v2\/types\/product"}],"wp:featuredmedia":[{"embeddable":true,"href":"https:\/\/diebss.de\/index.php?rest_route=\/wp\/v2\/media\/731"}],"wp:attachment":[{"href":"https:\/\/diebss.de\/index.php?rest_route=%2Fwp%2Fv2%2Fmedia&parent=972"}],"wp:term":[{"taxonomy":"product_brand","embeddable":true,"href":"https:\/\/diebss.de\/index.php?rest_route=%2Fwp%2Fv2%2Fproduct_brand&post=972"},{"taxonomy":"product_cat","embeddable":true,"href":"https:\/\/diebss.de\/index.php?rest_route=%2Fwp%2Fv2%2Fproduct_cat&post=972"},{"taxonomy":"product_tag","embeddable":true,"href":"https:\/\/diebss.de\/index.php?rest_route=%2Fwp%2Fv2%2Fproduct_tag&post=972"}],"curies":[{"name":"wp","href":"https:\/\/api.w.org\/{rel}","templated":true}]}}