{"id":969,"date":"2021-07-06T14:23:56","date_gmt":"2021-07-06T12:23:56","guid":{"rendered":"https:\/\/shop.diebss.de\/?post_type=product&#038;p=969"},"modified":"2022-05-25T21:09:31","modified_gmt":"2022-05-25T19:09:31","slug":"saccoo-tasche-alota-m","status":"publish","type":"product","link":"https:\/\/diebss.de\/?product=saccoo-tasche-alota-m","title":{"rendered":"Saccoo Tasche &#8222;Alota M&#8220;"},"content":{"rendered":"<p>Saccoo Tasche &#8222;Alota M&#8220; aus pflanzlich gegerbtem Rindleder mit elegantem Tragegriff und abnehmbarem verstellbarem Umh\u00e4ngeriemen.<br \/>\nInnen mit Rei\u00dfverschlusstasche, gro\u00dfem offenen Einsteckfach, drei Stiftehaltern, Handyfach, vier Kartenf\u00e4cher sowie Schl\u00fcsselfinder.<\/p>\n<p>Ma\u00dfe: Breite 34 cm, H\u00f6he 30 cm, Tiefe 8 cm<\/p>\n","protected":false},"excerpt":{"rendered":"<p>Saccoo Tasche &#8222;Alota M&#8220; aus pflanzlich gegerbtem Rindleder mit elegantem Tragegriff und abnehmbarem verstellbarem Umh\u00e4ngeriemen. Innen mit Rei\u00dfverschlusstasche, gro\u00dfem offenen Einsteckfach, drei Stiftehaltern, Handyfach, vier Kartenf\u00e4cher sowie Schl\u00fcsselfinder. Ma\u00dfe: Breite 34 cm, H\u00f6he 30 cm, Tiefe 8 cm<\/p>\n","protected":false},"featured_media":732,"template":"","meta":[],"product_brand":[],"product_cat":[67,66],"product_tag":[95],"class_list":{"0":"post-969","1":"product","2":"type-product","3":"status-publish","4":"has-post-thumbnail","6":"product_cat-saccoo","7":"product_cat-taschen-rucksaecke","8":"product_tag-rucksack","10":"first","11":"instock","12":"taxable","13":"shipping-taxable","14":"purchasable","15":"product-type-variable"},"_links":{"self":[{"href":"https:\/\/diebss.de\/index.php?rest_route=\/wp\/v2\/product\/969","targetHints":{"allow":["GET"]}}],"collection":[{"href":"https:\/\/diebss.de\/index.php?rest_route=\/wp\/v2\/product"}],"about":[{"href":"https:\/\/diebss.de\/index.php?rest_route=\/wp\/v2\/types\/product"}],"wp:featuredmedia":[{"embeddable":true,"href":"https:\/\/diebss.de\/index.php?rest_route=\/wp\/v2\/media\/732"}],"wp:attachment":[{"href":"https:\/\/diebss.de\/index.php?rest_route=%2Fwp%2Fv2%2Fmedia&parent=969"}],"wp:term":[{"taxonomy":"product_brand","embeddable":true,"href":"https:\/\/diebss.de\/index.php?rest_route=%2Fwp%2Fv2%2Fproduct_brand&post=969"},{"taxonomy":"product_cat","embeddable":true,"href":"https:\/\/diebss.de\/index.php?rest_route=%2Fwp%2Fv2%2Fproduct_cat&post=969"},{"taxonomy":"product_tag","embeddable":true,"href":"https:\/\/diebss.de\/index.php?rest_route=%2Fwp%2Fv2%2Fproduct_tag&post=969"}],"curies":[{"name":"wp","href":"https:\/\/api.w.org\/{rel}","templated":true}]}}