{"id":929,"date":"2021-07-06T13:43:37","date_gmt":"2021-07-06T11:43:37","guid":{"rendered":"https:\/\/shop.diebss.de\/?post_type=product&#038;p=929"},"modified":"2022-07-05T23:26:54","modified_gmt":"2022-07-05T21:26:54","slug":"brako-6922-traumtaenzerin","status":"publish","type":"product","link":"https:\/\/diebss.de\/?product=brako-6922-traumtaenzerin","title":{"rendered":"Brako 6922 &#8222;Traumt\u00e4nzerin&#8220;"},"content":{"rendered":"<p>Brako 6922 &#8222;Traum-T\u00e4nzerin&#8220; aus der Linie Mago in traumhaftem Rosa, etwas h\u00f6herer Absatz. Oberleder chromfrei gegerbt, Futter Synthetik ONSteam. Auswechselbares Fu\u00dfbett.<\/p>\n<p>Mit Perlen-Stickerei vorne auf der Kappe.<\/p>\n","protected":false},"excerpt":{"rendered":"<p>Brako 6922 &#8222;Traum-T\u00e4nzerin&#8220; aus der Linie Mago in traumhaftem Rosa, etwas h\u00f6herer Absatz. Oberleder chromfrei gegerbt, Futter Synthetik ONSteam. Auswechselbares Fu\u00dfbett. Mit Perlen-Stickerei vorne auf der Kappe.<\/p>\n","protected":false},"featured_media":749,"template":"","meta":[],"product_brand":[],"product_cat":[33,65],"product_tag":[],"class_list":{"0":"post-929","1":"product","2":"type-product","3":"status-publish","4":"has-post-thumbnail","6":"product_cat-brako","7":"product_cat-schuhe","9":"first","10":"instock","11":"sale","12":"taxable","13":"shipping-taxable","14":"purchasable","15":"product-type-variable"},"_links":{"self":[{"href":"https:\/\/diebss.de\/index.php?rest_route=\/wp\/v2\/product\/929","targetHints":{"allow":["GET"]}}],"collection":[{"href":"https:\/\/diebss.de\/index.php?rest_route=\/wp\/v2\/product"}],"about":[{"href":"https:\/\/diebss.de\/index.php?rest_route=\/wp\/v2\/types\/product"}],"wp:featuredmedia":[{"embeddable":true,"href":"https:\/\/diebss.de\/index.php?rest_route=\/wp\/v2\/media\/749"}],"wp:attachment":[{"href":"https:\/\/diebss.de\/index.php?rest_route=%2Fwp%2Fv2%2Fmedia&parent=929"}],"wp:term":[{"taxonomy":"product_brand","embeddable":true,"href":"https:\/\/diebss.de\/index.php?rest_route=%2Fwp%2Fv2%2Fproduct_brand&post=929"},{"taxonomy":"product_cat","embeddable":true,"href":"https:\/\/diebss.de\/index.php?rest_route=%2Fwp%2Fv2%2Fproduct_cat&post=929"},{"taxonomy":"product_tag","embeddable":true,"href":"https:\/\/diebss.de\/index.php?rest_route=%2Fwp%2Fv2%2Fproduct_tag&post=929"}],"curies":[{"name":"wp","href":"https:\/\/api.w.org\/{rel}","templated":true}]}}