{"id":847,"date":"2021-07-06T12:30:27","date_gmt":"2021-07-06T10:30:27","guid":{"rendered":"https:\/\/shop.diebss.de\/?post_type=product&#038;p=847"},"modified":"2023-09-29T14:54:15","modified_gmt":"2023-09-29T12:54:15","slug":"brako-schnuerboot-every-day","status":"publish","type":"product","link":"https:\/\/diebss.de\/?product=brako-schnuerboot-every-day","title":{"rendered":"Brako Schn\u00fcrboot &#8222;Every Day&#8220;"},"content":{"rendered":"<p>Brako 1530 &#8222;Every Day&#8220; Schn\u00fcrboot. Leichte EVA-Sohle, Wechselfu\u00dfbett, Lederfutter und Oberleder chromfrei gegerbt. Herkunft Spanien.<\/p>\n","protected":false},"excerpt":{"rendered":"<p>Brako 1530 &#8222;Every Day&#8220; Schn\u00fcrboot. Leichte EVA-Sohle, Wechselfu\u00dfbett, Lederfutter und Oberleder chromfrei gegerbt. Herkunft Spanien.<\/p>\n","protected":false},"featured_media":766,"template":"","meta":[],"product_brand":[],"product_cat":[33,65],"product_tag":[],"class_list":{"0":"post-847","1":"product","2":"type-product","3":"status-publish","4":"has-post-thumbnail","6":"product_cat-brako","7":"product_cat-schuhe","9":"first","10":"instock","11":"sale","12":"taxable","13":"shipping-taxable","14":"purchasable","15":"product-type-variable"},"_links":{"self":[{"href":"https:\/\/diebss.de\/index.php?rest_route=\/wp\/v2\/product\/847","targetHints":{"allow":["GET"]}}],"collection":[{"href":"https:\/\/diebss.de\/index.php?rest_route=\/wp\/v2\/product"}],"about":[{"href":"https:\/\/diebss.de\/index.php?rest_route=\/wp\/v2\/types\/product"}],"wp:featuredmedia":[{"embeddable":true,"href":"https:\/\/diebss.de\/index.php?rest_route=\/wp\/v2\/media\/766"}],"wp:attachment":[{"href":"https:\/\/diebss.de\/index.php?rest_route=%2Fwp%2Fv2%2Fmedia&parent=847"}],"wp:term":[{"taxonomy":"product_brand","embeddable":true,"href":"https:\/\/diebss.de\/index.php?rest_route=%2Fwp%2Fv2%2Fproduct_brand&post=847"},{"taxonomy":"product_cat","embeddable":true,"href":"https:\/\/diebss.de\/index.php?rest_route=%2Fwp%2Fv2%2Fproduct_cat&post=847"},{"taxonomy":"product_tag","embeddable":true,"href":"https:\/\/diebss.de\/index.php?rest_route=%2Fwp%2Fv2%2Fproduct_tag&post=847"}],"curies":[{"name":"wp","href":"https:\/\/api.w.org\/{rel}","templated":true}]}}