{"id":705,"date":"2021-07-06T10:11:21","date_gmt":"2021-07-06T08:11:21","guid":{"rendered":"https:\/\/shop.diebss.de\/?post_type=product&#038;p=705"},"modified":"2024-10-09T12:24:18","modified_gmt":"2024-10-09T10:24:18","slug":"brako-niedrige-knopfstiefelette-knoepfchen","status":"publish","type":"product","link":"https:\/\/diebss.de\/?product=brako-niedrige-knopfstiefelette-knoepfchen","title":{"rendered":"Brako niedrige Knopfstiefelette &#8222;Kn\u00f6pfchen&#8220;"},"content":{"rendered":"<p>Brako Stiefelette &#8222;Kn\u00f6pfchen&#8220; niedrig, Linie Mistic mit geschwungenem Absatz und Zierschn\u00fcrung. Rei\u00dfverschluss Innenseite, Futter ONSteam-Synthetic. Oberleder chromfrei gegerbt. Wechselfu\u00dfbett.<\/p>\n","protected":false},"excerpt":{"rendered":"<p>Brako Stiefelette &#8222;Kn\u00f6pfchen&#8220; niedrig, Linie Mistic mit geschwungenem Absatz und Zierschn\u00fcrung. Rei\u00dfverschluss Innenseite, Futter ONSteam-Synthetic. Oberleder chromfrei gegerbt. Wechselfu\u00dfbett.<\/p>\n","protected":false},"featured_media":316,"template":"","meta":[],"product_brand":[],"product_cat":[33,65],"product_tag":[],"class_list":{"0":"post-705","1":"product","2":"type-product","3":"status-publish","4":"has-post-thumbnail","6":"product_cat-brako","7":"product_cat-schuhe","9":"first","10":"instock","11":"sale","12":"taxable","13":"shipping-taxable","14":"purchasable","15":"product-type-variable"},"_links":{"self":[{"href":"https:\/\/diebss.de\/index.php?rest_route=\/wp\/v2\/product\/705","targetHints":{"allow":["GET"]}}],"collection":[{"href":"https:\/\/diebss.de\/index.php?rest_route=\/wp\/v2\/product"}],"about":[{"href":"https:\/\/diebss.de\/index.php?rest_route=\/wp\/v2\/types\/product"}],"wp:featuredmedia":[{"embeddable":true,"href":"https:\/\/diebss.de\/index.php?rest_route=\/wp\/v2\/media\/316"}],"wp:attachment":[{"href":"https:\/\/diebss.de\/index.php?rest_route=%2Fwp%2Fv2%2Fmedia&parent=705"}],"wp:term":[{"taxonomy":"product_brand","embeddable":true,"href":"https:\/\/diebss.de\/index.php?rest_route=%2Fwp%2Fv2%2Fproduct_brand&post=705"},{"taxonomy":"product_cat","embeddable":true,"href":"https:\/\/diebss.de\/index.php?rest_route=%2Fwp%2Fv2%2Fproduct_cat&post=705"},{"taxonomy":"product_tag","embeddable":true,"href":"https:\/\/diebss.de\/index.php?rest_route=%2Fwp%2Fv2%2Fproduct_tag&post=705"}],"curies":[{"name":"wp","href":"https:\/\/api.w.org\/{rel}","templated":true}]}}