{"id":1731,"date":"2022-05-25T20:40:26","date_gmt":"2022-05-25T18:40:26","guid":{"rendered":"https:\/\/diebss.de\/?post_type=product&#038;p=1731"},"modified":"2025-07-16T17:20:33","modified_gmt":"2025-07-16T15:20:33","slug":"martin-natur-herren-schnuerboots-milan","status":"publish","type":"product","link":"https:\/\/diebss.de\/?product=martin-natur-herren-schnuerboots-milan","title":{"rendered":"Martin Natur Herren-Schn\u00fcrboots Milan"},"content":{"rendered":"<p>Martin Natur Herren-Schn\u00fcrboots Milan. Exklusiv bei uns. Aus pflanzlich gegerbtem Rindleder mit pflanzlich gegerbtem Lederfutter. Nubuk-\/Fettleder. Auswechselbare Innensohle, weicher Polsterkragen im Fersenbereich. TR-Sohle mit gutem Profil und sch\u00f6nem Absatz. Ein toller Allrounder zum Wohlf\u00fchlen. F\u00e4llt eher gro\u00df aus.<\/p>\n","protected":false},"excerpt":{"rendered":"<p>Martin Natur Herren-Schn\u00fcrboots Milan. Exklusiv bei uns. Aus pflanzlich gegerbtem Rindleder mit pflanzlich gegerbtem Lederfutter. Nubuk-\/Fettleder. Auswechselbare Innensohle, weicher Polsterkragen im Fersenbereich. TR-Sohle mit gutem Profil und sch\u00f6nem Absatz. Ein toller Allrounder zum Wohlf\u00fchlen. F\u00e4llt eher gro\u00df aus.<\/p>\n","protected":false},"featured_media":1729,"template":"","meta":[],"product_brand":[],"product_cat":[31,65],"product_tag":[122],"class_list":{"0":"post-1731","1":"product","2":"type-product","3":"status-publish","4":"has-post-thumbnail","6":"product_cat-martin-natur","7":"product_cat-schuhe","8":"product_tag-schnuerboot","10":"first","11":"instock","12":"taxable","13":"shipping-taxable","14":"purchasable","15":"product-type-variable"},"_links":{"self":[{"href":"https:\/\/diebss.de\/index.php?rest_route=\/wp\/v2\/product\/1731","targetHints":{"allow":["GET"]}}],"collection":[{"href":"https:\/\/diebss.de\/index.php?rest_route=\/wp\/v2\/product"}],"about":[{"href":"https:\/\/diebss.de\/index.php?rest_route=\/wp\/v2\/types\/product"}],"wp:featuredmedia":[{"embeddable":true,"href":"https:\/\/diebss.de\/index.php?rest_route=\/wp\/v2\/media\/1729"}],"wp:attachment":[{"href":"https:\/\/diebss.de\/index.php?rest_route=%2Fwp%2Fv2%2Fmedia&parent=1731"}],"wp:term":[{"taxonomy":"product_brand","embeddable":true,"href":"https:\/\/diebss.de\/index.php?rest_route=%2Fwp%2Fv2%2Fproduct_brand&post=1731"},{"taxonomy":"product_cat","embeddable":true,"href":"https:\/\/diebss.de\/index.php?rest_route=%2Fwp%2Fv2%2Fproduct_cat&post=1731"},{"taxonomy":"product_tag","embeddable":true,"href":"https:\/\/diebss.de\/index.php?rest_route=%2Fwp%2Fv2%2Fproduct_tag&post=1731"}],"curies":[{"name":"wp","href":"https:\/\/api.w.org\/{rel}","templated":true}]}}