{"id":1689,"date":"2022-05-25T20:26:03","date_gmt":"2022-05-25T18:26:03","guid":{"rendered":"https:\/\/diebss.de\/?post_type=product&#038;p=1689"},"modified":"2025-12-11T17:32:15","modified_gmt":"2025-12-11T16:32:15","slug":"brako-schnuerstiefelette-military","status":"publish","type":"product","link":"https:\/\/diebss.de\/?product=brako-schnuerstiefelette-military","title":{"rendered":"Brako Schn\u00fcrstiefelette Military"},"content":{"rendered":"<p><span dir=\"ltr\" role=\"presentation\">Brako Stiefelette Military 8470 mit dicker Gummisohle und etwas Absatz. <\/span><br role=\"presentation\" \/><span dir=\"ltr\" role=\"presentation\">Schn\u00fcrung f\u00fcr die Regulierung der Weite und Rei\u00dfverschluss auf der <\/span><br role=\"presentation\" \/><span dir=\"ltr\" role=\"presentation\">Innenseite. Chromfrei gegerbtes Leder. Herausnehmbare Innensohle. Passt <\/span><br role=\"presentation\" \/><span dir=\"ltr\" role=\"presentation\">nicht nur auf schmale F\u00fc\u00dfe. Wird als sehr bequem empfunden. Restpaare aus <\/span><br role=\"presentation\" \/><span dir=\"ltr\" role=\"presentation\">der Produktion in Spanien. <\/span><br role=\"presentation\" \/><span dir=\"ltr\" role=\"presentation\">Wir haben noch etliche Restpaare der Brako Military-Stiefeletten, sowohl uni <\/span><br role=\"presentation\" \/><span dir=\"ltr\" role=\"presentation\">als auch mit Bl\u00fcmchenmuster (8403), allerdings nur noch in den Gr\u00f6\u00dfen 35, 36,<\/span><br role=\"presentation\" \/><span dir=\"ltr\" role=\"presentation\">37, 42 und 43. Fragen Sie uns gerne nach Ihrer Wunschfarbe und \u2013gr\u00f6\u00dfe \u2013 <\/span><br role=\"presentation\" \/><span dir=\"ltr\" role=\"presentation\">vielleicht haben wir ja noch genau die Stiefelette da, die Sie suchen!<\/span><\/p>\n","protected":false},"excerpt":{"rendered":"<p>Brako Stiefelette Military 8470 mit dicker Gummisohle und etwas Absatz. Schn\u00fcrung f\u00fcr die Regulierung der Weite und Rei\u00dfverschluss auf der Innenseite. Chromfrei gegerbtes Leder. Herausnehmbare Innensohle. Passt nicht nur auf schmale F\u00fc\u00dfe. Wird als sehr bequem empfunden. Restpaare aus der Produktion in Spanien. Wir haben noch etliche Restpaare der Brako Military-Stiefeletten, sowohl uni als auch [&hellip;]<\/p>\n","protected":false},"featured_media":1716,"template":"","meta":[],"product_brand":[],"product_cat":[33,65],"product_tag":[207],"class_list":{"0":"post-1689","1":"product","2":"type-product","3":"status-publish","4":"has-post-thumbnail","6":"product_cat-brako","7":"product_cat-schuhe","8":"product_tag-schnuerstiefelette","10":"first","11":"instock","12":"sale","13":"taxable","14":"shipping-taxable","15":"purchasable","16":"product-type-variable"},"_links":{"self":[{"href":"https:\/\/diebss.de\/index.php?rest_route=\/wp\/v2\/product\/1689","targetHints":{"allow":["GET"]}}],"collection":[{"href":"https:\/\/diebss.de\/index.php?rest_route=\/wp\/v2\/product"}],"about":[{"href":"https:\/\/diebss.de\/index.php?rest_route=\/wp\/v2\/types\/product"}],"wp:featuredmedia":[{"embeddable":true,"href":"https:\/\/diebss.de\/index.php?rest_route=\/wp\/v2\/media\/1716"}],"wp:attachment":[{"href":"https:\/\/diebss.de\/index.php?rest_route=%2Fwp%2Fv2%2Fmedia&parent=1689"}],"wp:term":[{"taxonomy":"product_brand","embeddable":true,"href":"https:\/\/diebss.de\/index.php?rest_route=%2Fwp%2Fv2%2Fproduct_brand&post=1689"},{"taxonomy":"product_cat","embeddable":true,"href":"https:\/\/diebss.de\/index.php?rest_route=%2Fwp%2Fv2%2Fproduct_cat&post=1689"},{"taxonomy":"product_tag","embeddable":true,"href":"https:\/\/diebss.de\/index.php?rest_route=%2Fwp%2Fv2%2Fproduct_tag&post=1689"}],"curies":[{"name":"wp","href":"https:\/\/api.w.org\/{rel}","templated":true}]}}