{"id":1572,"date":"2022-05-09T10:49:25","date_gmt":"2022-05-09T08:49:25","guid":{"rendered":"https:\/\/diebss.de\/?post_type=product&#038;p=1572"},"modified":"2025-03-27T17:36:04","modified_gmt":"2025-03-27T16:36:04","slug":"werner-damen-sneakers-kuckuck","status":"publish","type":"product","link":"https:\/\/diebss.de\/?product=werner-damen-sneakers-kuckuck","title":{"rendered":"Werner Damen-Sneakers Kuckuck"},"content":{"rendered":"<p>Werner Damen-Sneakers \u201eKuckuck\u201c in Blau und Beige. Festes, sehr weiches und bequemes Fu\u00dfbett. Softer Polsterkragen an der etwas erh\u00f6hten Ferse. Alle Leder und Lederfutter sind pflanzlich gegerbt und, wie alle Schuhe von Werner, nach \u00f6kologischen Standards IVN-zertifiziert. In zwei Ausf\u00fchrungen:<\/p>\n<p>Beige: Hellbraune Gummisohle, leichte beige-wei\u00dfe Zwischensohle, Kappe, Schn\u00fcrbereich und Ferse aus beigem Nappaleder, Seiten aus beigefarbenem Velourleder mit Eins\u00e4tzen aus hellem Leinen. Anzieh-Schlaufe an der Fersenkappe aus olivgr\u00fcnem Nappaleder.<br \/>\nBlau: Blaue Gummisohle, leichte beige-blaue Zwischensohle, blau-beiger Farbmix aus Nappa- und Velourleder, blaue Anzieh-Schlaufe an der Fersenkappe.<\/p>\n<p>&nbsp;<\/p>\n","protected":false},"excerpt":{"rendered":"<p>Werner Damen-Sneakers \u201eKuckuck\u201c in Blau und Beige. Festes, sehr weiches und bequemes Fu\u00dfbett. Softer Polsterkragen an der etwas erh\u00f6hten Ferse. Alle Leder und Lederfutter sind pflanzlich gegerbt und, wie alle Schuhe von Werner, nach \u00f6kologischen Standards IVN-zertifiziert. In zwei Ausf\u00fchrungen: Beige: Hellbraune Gummisohle, leichte beige-wei\u00dfe Zwischensohle, Kappe, Schn\u00fcrbereich und Ferse aus beigem Nappaleder, Seiten aus [&hellip;]<\/p>\n","protected":false},"featured_media":1579,"template":"","meta":[],"product_brand":[],"product_cat":[65,30],"product_tag":[82],"class_list":{"0":"post-1572","1":"product","2":"type-product","3":"status-publish","4":"has-post-thumbnail","6":"product_cat-schuhe","7":"product_cat-werner","8":"product_tag-sneaker","10":"first","11":"instock","12":"taxable","13":"shipping-taxable","14":"purchasable","15":"product-type-variable"},"_links":{"self":[{"href":"https:\/\/diebss.de\/index.php?rest_route=\/wp\/v2\/product\/1572","targetHints":{"allow":["GET"]}}],"collection":[{"href":"https:\/\/diebss.de\/index.php?rest_route=\/wp\/v2\/product"}],"about":[{"href":"https:\/\/diebss.de\/index.php?rest_route=\/wp\/v2\/types\/product"}],"wp:featuredmedia":[{"embeddable":true,"href":"https:\/\/diebss.de\/index.php?rest_route=\/wp\/v2\/media\/1579"}],"wp:attachment":[{"href":"https:\/\/diebss.de\/index.php?rest_route=%2Fwp%2Fv2%2Fmedia&parent=1572"}],"wp:term":[{"taxonomy":"product_brand","embeddable":true,"href":"https:\/\/diebss.de\/index.php?rest_route=%2Fwp%2Fv2%2Fproduct_brand&post=1572"},{"taxonomy":"product_cat","embeddable":true,"href":"https:\/\/diebss.de\/index.php?rest_route=%2Fwp%2Fv2%2Fproduct_cat&post=1572"},{"taxonomy":"product_tag","embeddable":true,"href":"https:\/\/diebss.de\/index.php?rest_route=%2Fwp%2Fv2%2Fproduct_tag&post=1572"}],"curies":[{"name":"wp","href":"https:\/\/api.w.org\/{rel}","templated":true}]}}