{"id":1567,"date":"2022-05-08T11:19:19","date_gmt":"2022-05-08T09:19:19","guid":{"rendered":"https:\/\/diebss.de\/?post_type=product&#038;p=1567"},"modified":"2023-09-18T23:43:37","modified_gmt":"2023-09-18T21:43:37","slug":"werner-herren-sneakers-zaunkoenig","status":"publish","type":"product","link":"https:\/\/diebss.de\/?product=werner-herren-sneakers-zaunkoenig","title":{"rendered":"Werner Herren-Sneakers Zaunk\u00f6nig"},"content":{"rendered":"<p>Werner Herren-Sneakers Zaunk\u00f6nig aus pflanzlich gegerbtem Rind-Nappaleder mit sommerlichen Leinen-Eins\u00e4tzen vorne und an den Seiten. Marinefarbener Zierstreifen und Fersenabschluss in cognacfarbenem Nappaleder. Hellbraune, gut profilierte Gummisohle mit wei\u00dfer Zwischensohle. Gepolsterter Kragen an Ferse und Kn\u00f6chel.<\/p>\n","protected":false},"excerpt":{"rendered":"<p>Werner Herren-Sneakers Zaunk\u00f6nig aus pflanzlich gegerbtem Rind-Nappaleder mit sommerlichen Leinen-Eins\u00e4tzen vorne und an den Seiten. Marinefarbener Zierstreifen und Fersenabschluss in cognacfarbenem Nappaleder. Hellbraune, gut profilierte Gummisohle mit wei\u00dfer Zwischensohle. Gepolsterter Kragen an Ferse und Kn\u00f6chel.<\/p>\n","protected":false},"featured_media":1566,"template":"","meta":[],"product_brand":[],"product_cat":[65,30],"product_tag":[82],"class_list":{"0":"post-1567","1":"product","2":"type-product","3":"status-publish","4":"has-post-thumbnail","6":"product_cat-schuhe","7":"product_cat-werner","8":"product_tag-sneaker","10":"first","11":"instock","12":"taxable","13":"shipping-taxable","14":"purchasable","15":"product-type-variable"},"_links":{"self":[{"href":"https:\/\/diebss.de\/index.php?rest_route=\/wp\/v2\/product\/1567","targetHints":{"allow":["GET"]}}],"collection":[{"href":"https:\/\/diebss.de\/index.php?rest_route=\/wp\/v2\/product"}],"about":[{"href":"https:\/\/diebss.de\/index.php?rest_route=\/wp\/v2\/types\/product"}],"wp:featuredmedia":[{"embeddable":true,"href":"https:\/\/diebss.de\/index.php?rest_route=\/wp\/v2\/media\/1566"}],"wp:attachment":[{"href":"https:\/\/diebss.de\/index.php?rest_route=%2Fwp%2Fv2%2Fmedia&parent=1567"}],"wp:term":[{"taxonomy":"product_brand","embeddable":true,"href":"https:\/\/diebss.de\/index.php?rest_route=%2Fwp%2Fv2%2Fproduct_brand&post=1567"},{"taxonomy":"product_cat","embeddable":true,"href":"https:\/\/diebss.de\/index.php?rest_route=%2Fwp%2Fv2%2Fproduct_cat&post=1567"},{"taxonomy":"product_tag","embeddable":true,"href":"https:\/\/diebss.de\/index.php?rest_route=%2Fwp%2Fv2%2Fproduct_tag&post=1567"}],"curies":[{"name":"wp","href":"https:\/\/api.w.org\/{rel}","templated":true}]}}