{"id":1515,"date":"2022-05-03T23:36:06","date_gmt":"2022-05-03T21:36:06","guid":{"rendered":"https:\/\/diebss.de\/?post_type=product&#038;p=1515"},"modified":"2022-05-03T23:38:10","modified_gmt":"2022-05-03T21:38:10","slug":"saccoo-geldbeutel-kronar","status":"publish","type":"product","link":"https:\/\/diebss.de\/?product=saccoo-geldbeutel-kronar","title":{"rendered":"Saccoo Geldbeutel Kronar"},"content":{"rendered":"<p>Saccoo Geldbeutel Kronar aus pflanzlich gegerbtem Rindleder. Zum Aufklappen. Zwei F\u00e4cher f\u00fcr Geldscheine hinten, vorne rechts ein M\u00fcnzfach mit Druckknopfschlie\u00dfe. Links vier Steckf\u00e4cher f\u00fcr Karten, dahinter zwei gr\u00f6\u00dfere Steckf\u00e4cher.<\/p>\n<p>Ma\u00dfe 10 x 12 cm<\/p>\n","protected":false},"excerpt":{"rendered":"<p>Saccoo Geldbeutel Kronar aus pflanzlich gegerbtem Rindleder. Zum Aufklappen. Zwei F\u00e4cher f\u00fcr Geldscheine hinten, vorne rechts ein M\u00fcnzfach mit Druckknopfschlie\u00dfe. Links vier Steckf\u00e4cher f\u00fcr Karten, dahinter zwei gr\u00f6\u00dfere Steckf\u00e4cher. Ma\u00dfe 10 x 12 cm<\/p>\n","protected":false},"featured_media":1506,"template":"","meta":[],"product_brand":[],"product_cat":[211,216],"product_tag":[],"class_list":{"0":"post-1515","1":"product","2":"type-product","3":"status-publish","4":"has-post-thumbnail","6":"product_cat-geldbeutel","7":"product_cat-verschiedenes","9":"first","10":"instock","11":"taxable","12":"shipping-taxable","13":"purchasable","14":"product-type-variable"},"_links":{"self":[{"href":"https:\/\/diebss.de\/index.php?rest_route=\/wp\/v2\/product\/1515","targetHints":{"allow":["GET"]}}],"collection":[{"href":"https:\/\/diebss.de\/index.php?rest_route=\/wp\/v2\/product"}],"about":[{"href":"https:\/\/diebss.de\/index.php?rest_route=\/wp\/v2\/types\/product"}],"wp:featuredmedia":[{"embeddable":true,"href":"https:\/\/diebss.de\/index.php?rest_route=\/wp\/v2\/media\/1506"}],"wp:attachment":[{"href":"https:\/\/diebss.de\/index.php?rest_route=%2Fwp%2Fv2%2Fmedia&parent=1515"}],"wp:term":[{"taxonomy":"product_brand","embeddable":true,"href":"https:\/\/diebss.de\/index.php?rest_route=%2Fwp%2Fv2%2Fproduct_brand&post=1515"},{"taxonomy":"product_cat","embeddable":true,"href":"https:\/\/diebss.de\/index.php?rest_route=%2Fwp%2Fv2%2Fproduct_cat&post=1515"},{"taxonomy":"product_tag","embeddable":true,"href":"https:\/\/diebss.de\/index.php?rest_route=%2Fwp%2Fv2%2Fproduct_tag&post=1515"}],"curies":[{"name":"wp","href":"https:\/\/api.w.org\/{rel}","templated":true}]}}