{"id":1499,"date":"2022-05-03T23:21:16","date_gmt":"2022-05-03T21:21:16","guid":{"rendered":"https:\/\/diebss.de\/?post_type=product&#038;p=1499"},"modified":"2022-05-03T23:23:58","modified_gmt":"2022-05-03T21:23:58","slug":"saccoo-damen-beuteltasche-bonaire","status":"publish","type":"product","link":"https:\/\/diebss.de\/?product=saccoo-damen-beuteltasche-bonaire","title":{"rendered":"Saccoo Damen-Beuteltasche Bonaire"},"content":{"rendered":"<p>Damen-Beuteltasche Bonaire aus pflanzlich gegerbtem Rindleder mit grauem Innenfutter aus Baumwolle\/Synthetik. Ein gro\u00dfes Rei\u00dfverschlussfach au\u00dfen. Innen zwei gro\u00dfe Steckf\u00e4cher, ein Rei\u00dfverschlussfach, Handystecktasche, vier Karten-Steckf\u00e4cher und eine Stiftschlaufe. Der Rest ist PLATZ!<\/p>\n<p>Ma\u00dfe Bonaire klein: Breite 38 cm, H\u00f6he 30 cm, Tiefe 7 cm.<\/p>\n<p>Ma\u00dfe Bonaire gro\u00df: Breite 33 cm, H\u00f6he 40 cm, Tiefe 9 cm.<\/p>\n","protected":false},"excerpt":{"rendered":"<p>Damen-Beuteltasche Bonaire aus pflanzlich gegerbtem Rindleder mit grauem Innenfutter aus Baumwolle\/Synthetik. Ein gro\u00dfes Rei\u00dfverschlussfach au\u00dfen. Innen zwei gro\u00dfe Steckf\u00e4cher, ein Rei\u00dfverschlussfach, Handystecktasche, vier Karten-Steckf\u00e4cher und eine Stiftschlaufe. Der Rest ist PLATZ! Ma\u00dfe Bonaire klein: Breite 38 cm, H\u00f6he 30 cm, Tiefe 7 cm. Ma\u00dfe Bonaire gro\u00df: Breite 33 cm, H\u00f6he 40 cm, Tiefe 9 cm.<\/p>\n","protected":false},"featured_media":1493,"template":"","meta":[],"product_brand":[],"product_cat":[67,66],"product_tag":[],"class_list":{"0":"post-1499","1":"product","2":"type-product","3":"status-publish","4":"has-post-thumbnail","6":"product_cat-saccoo","7":"product_cat-taschen-rucksaecke","9":"first","10":"instock","11":"taxable","12":"shipping-taxable","13":"purchasable","14":"product-type-variable"},"_links":{"self":[{"href":"https:\/\/diebss.de\/index.php?rest_route=\/wp\/v2\/product\/1499","targetHints":{"allow":["GET"]}}],"collection":[{"href":"https:\/\/diebss.de\/index.php?rest_route=\/wp\/v2\/product"}],"about":[{"href":"https:\/\/diebss.de\/index.php?rest_route=\/wp\/v2\/types\/product"}],"wp:featuredmedia":[{"embeddable":true,"href":"https:\/\/diebss.de\/index.php?rest_route=\/wp\/v2\/media\/1493"}],"wp:attachment":[{"href":"https:\/\/diebss.de\/index.php?rest_route=%2Fwp%2Fv2%2Fmedia&parent=1499"}],"wp:term":[{"taxonomy":"product_brand","embeddable":true,"href":"https:\/\/diebss.de\/index.php?rest_route=%2Fwp%2Fv2%2Fproduct_brand&post=1499"},{"taxonomy":"product_cat","embeddable":true,"href":"https:\/\/diebss.de\/index.php?rest_route=%2Fwp%2Fv2%2Fproduct_cat&post=1499"},{"taxonomy":"product_tag","embeddable":true,"href":"https:\/\/diebss.de\/index.php?rest_route=%2Fwp%2Fv2%2Fproduct_tag&post=1499"}],"curies":[{"name":"wp","href":"https:\/\/api.w.org\/{rel}","templated":true}]}}