{"id":1495,"date":"2022-05-03T23:09:58","date_gmt":"2022-05-03T21:09:58","guid":{"rendered":"https:\/\/diebss.de\/?post_type=product&#038;p=1495"},"modified":"2022-05-03T23:23:48","modified_gmt":"2022-05-03T21:23:48","slug":"saccoo-damen-handtasche-salpo","status":"publish","type":"product","link":"https:\/\/diebss.de\/?product=saccoo-damen-handtasche-salpo","title":{"rendered":"Saccoo Damen-Handtasche Salpo"},"content":{"rendered":"<p>Damen-Handtasche Salpo mit zus\u00e4tzlichem \u00dcberschlag mit Magnetverschluss \u00fcber den Rei\u00dfverschluss &#8211; f\u00fcr das sichere Gef\u00fchl. Pflanzlich gegerbtes Rindglattleder, verstellbarer robuster Trageriemen. Rei\u00dfverschlussfach an der K\u00f6rperseite der Tasche.<\/p>\n<p>Graues Innenfutter aus Baumwolle\/Synthetikmischung. Super Organisation: Ein mittelgro\u00dfes Rei\u00dfverschlussfach f\u00fcr den Geldbeutel, ein gro\u00dfes Steckfach, mit Druckknopf zu verschlie\u00dfen, drei Stifteschlaufen, ein Handyfach und vier Steckf\u00e4cher f\u00fcr Karten sowie ein Schl\u00fcsselfinder.<\/p>\n<p>Ma\u00dfe: 27 cm breit, 22 cm hoch, 8 cm tief<\/p>\n","protected":false},"excerpt":{"rendered":"<p>Damen-Handtasche Salpo mit zus\u00e4tzlichem \u00dcberschlag mit Magnetverschluss \u00fcber den Rei\u00dfverschluss &#8211; f\u00fcr das sichere Gef\u00fchl. Pflanzlich gegerbtes Rindglattleder, verstellbarer robuster Trageriemen. Rei\u00dfverschlussfach an der K\u00f6rperseite der Tasche. Graues Innenfutter aus Baumwolle\/Synthetikmischung. Super Organisation: Ein mittelgro\u00dfes Rei\u00dfverschlussfach f\u00fcr den Geldbeutel, ein gro\u00dfes Steckfach, mit Druckknopf zu verschlie\u00dfen, drei Stifteschlaufen, ein Handyfach und vier Steckf\u00e4cher f\u00fcr Karten [&hellip;]<\/p>\n","protected":false},"featured_media":1491,"template":"","meta":[],"product_brand":[],"product_cat":[67,66],"product_tag":[],"class_list":{"0":"post-1495","1":"product","2":"type-product","3":"status-publish","4":"has-post-thumbnail","6":"product_cat-saccoo","7":"product_cat-taschen-rucksaecke","9":"first","10":"instock","11":"taxable","12":"shipping-taxable","13":"purchasable","14":"product-type-variable"},"_links":{"self":[{"href":"https:\/\/diebss.de\/index.php?rest_route=\/wp\/v2\/product\/1495","targetHints":{"allow":["GET"]}}],"collection":[{"href":"https:\/\/diebss.de\/index.php?rest_route=\/wp\/v2\/product"}],"about":[{"href":"https:\/\/diebss.de\/index.php?rest_route=\/wp\/v2\/types\/product"}],"wp:featuredmedia":[{"embeddable":true,"href":"https:\/\/diebss.de\/index.php?rest_route=\/wp\/v2\/media\/1491"}],"wp:attachment":[{"href":"https:\/\/diebss.de\/index.php?rest_route=%2Fwp%2Fv2%2Fmedia&parent=1495"}],"wp:term":[{"taxonomy":"product_brand","embeddable":true,"href":"https:\/\/diebss.de\/index.php?rest_route=%2Fwp%2Fv2%2Fproduct_brand&post=1495"},{"taxonomy":"product_cat","embeddable":true,"href":"https:\/\/diebss.de\/index.php?rest_route=%2Fwp%2Fv2%2Fproduct_cat&post=1495"},{"taxonomy":"product_tag","embeddable":true,"href":"https:\/\/diebss.de\/index.php?rest_route=%2Fwp%2Fv2%2Fproduct_tag&post=1495"}],"curies":[{"name":"wp","href":"https:\/\/api.w.org\/{rel}","templated":true}]}}