{"id":1456,"date":"2022-05-03T22:31:55","date_gmt":"2022-05-03T20:31:55","guid":{"rendered":"https:\/\/diebss.de\/?post_type=product&#038;p=1456"},"modified":"2022-05-03T22:45:25","modified_gmt":"2022-05-03T20:45:25","slug":"federmaeppchen","status":"publish","type":"product","link":"https:\/\/diebss.de\/?product=federmaeppchen","title":{"rendered":"Federm\u00e4ppchen"},"content":{"rendered":"<p>Flaches Federm\u00e4ppchen aus pflanzlich gegerbtem Rindleder. Sch\u00f6n weich im Griff. Mit Rei\u00dfverschluss. Ma\u00dfe ca. 9 x 21 cm.<\/p>\n<p>Farben: Magentarot, Rehbraun, Marineblau<\/p>\n","protected":false},"excerpt":{"rendered":"<p>Flaches Federm\u00e4ppchen aus pflanzlich gegerbtem Rindleder. Sch\u00f6n weich im Griff. Mit Rei\u00dfverschluss. Ma\u00dfe ca. 9 x 21 cm. Farben: Magentarot, Rehbraun, Marineblau<\/p>\n","protected":false},"featured_media":1458,"template":"","meta":[],"product_brand":[],"product_cat":[212,216],"product_tag":[],"class_list":{"0":"post-1456","1":"product","2":"type-product","3":"status-publish","4":"has-post-thumbnail","6":"product_cat-federmaeppchen","7":"product_cat-verschiedenes","9":"first","10":"instock","11":"taxable","12":"shipping-taxable","13":"purchasable","14":"product-type-variable"},"_links":{"self":[{"href":"https:\/\/diebss.de\/index.php?rest_route=\/wp\/v2\/product\/1456","targetHints":{"allow":["GET"]}}],"collection":[{"href":"https:\/\/diebss.de\/index.php?rest_route=\/wp\/v2\/product"}],"about":[{"href":"https:\/\/diebss.de\/index.php?rest_route=\/wp\/v2\/types\/product"}],"wp:featuredmedia":[{"embeddable":true,"href":"https:\/\/diebss.de\/index.php?rest_route=\/wp\/v2\/media\/1458"}],"wp:attachment":[{"href":"https:\/\/diebss.de\/index.php?rest_route=%2Fwp%2Fv2%2Fmedia&parent=1456"}],"wp:term":[{"taxonomy":"product_brand","embeddable":true,"href":"https:\/\/diebss.de\/index.php?rest_route=%2Fwp%2Fv2%2Fproduct_brand&post=1456"},{"taxonomy":"product_cat","embeddable":true,"href":"https:\/\/diebss.de\/index.php?rest_route=%2Fwp%2Fv2%2Fproduct_cat&post=1456"},{"taxonomy":"product_tag","embeddable":true,"href":"https:\/\/diebss.de\/index.php?rest_route=%2Fwp%2Fv2%2Fproduct_tag&post=1456"}],"curies":[{"name":"wp","href":"https:\/\/api.w.org\/{rel}","templated":true}]}}