{"id":1436,"date":"2022-05-03T22:11:27","date_gmt":"2022-05-03T20:11:27","guid":{"rendered":"https:\/\/diebss.de\/?post_type=product&#038;p=1436"},"modified":"2022-05-09T11:40:49","modified_gmt":"2022-05-09T09:40:49","slug":"martin-natur-herren-pantolette-ciro","status":"publish","type":"product","link":"https:\/\/diebss.de\/?product=martin-natur-herren-pantolette-ciro","title":{"rendered":"Martin Natur Herren-Pantolette Ciro"},"content":{"rendered":"<p>Martin Natur Herren-Pantolette Ciro aus pflanzlich gegerbtem Rindsleder. Zwei verstellbare Schnallen bieten die richtige Weite f\u00fcr jeden Fu\u00df. Sohle gummierte Kork-Latex-Mischung mit pflanzlich gegerbter Leder-Trittfl\u00e4che. Farbe Kastanie. (Farbe wie auf Foto, leichte Graut\u00f6nung)<\/p>\n","protected":false},"excerpt":{"rendered":"<p>Martin Natur Herren-Pantolette Ciro aus pflanzlich gegerbtem Rindsleder. Zwei verstellbare Schnallen bieten die richtige Weite f\u00fcr jeden Fu\u00df. Sohle gummierte Kork-Latex-Mischung mit pflanzlich gegerbter Leder-Trittfl\u00e4che. Farbe Kastanie. (Farbe wie auf Foto, leichte Graut\u00f6nung)<\/p>\n","protected":false},"featured_media":1435,"template":"","meta":[],"product_brand":[],"product_cat":[31,65],"product_tag":[97],"class_list":{"0":"post-1436","1":"product","2":"type-product","3":"status-publish","4":"has-post-thumbnail","6":"product_cat-martin-natur","7":"product_cat-schuhe","8":"product_tag-pantolette","10":"first","11":"instock","12":"taxable","13":"shipping-taxable","14":"purchasable","15":"product-type-variable"},"_links":{"self":[{"href":"https:\/\/diebss.de\/index.php?rest_route=\/wp\/v2\/product\/1436","targetHints":{"allow":["GET"]}}],"collection":[{"href":"https:\/\/diebss.de\/index.php?rest_route=\/wp\/v2\/product"}],"about":[{"href":"https:\/\/diebss.de\/index.php?rest_route=\/wp\/v2\/types\/product"}],"wp:featuredmedia":[{"embeddable":true,"href":"https:\/\/diebss.de\/index.php?rest_route=\/wp\/v2\/media\/1435"}],"wp:attachment":[{"href":"https:\/\/diebss.de\/index.php?rest_route=%2Fwp%2Fv2%2Fmedia&parent=1436"}],"wp:term":[{"taxonomy":"product_brand","embeddable":true,"href":"https:\/\/diebss.de\/index.php?rest_route=%2Fwp%2Fv2%2Fproduct_brand&post=1436"},{"taxonomy":"product_cat","embeddable":true,"href":"https:\/\/diebss.de\/index.php?rest_route=%2Fwp%2Fv2%2Fproduct_cat&post=1436"},{"taxonomy":"product_tag","embeddable":true,"href":"https:\/\/diebss.de\/index.php?rest_route=%2Fwp%2Fv2%2Fproduct_tag&post=1436"}],"curies":[{"name":"wp","href":"https:\/\/api.w.org\/{rel}","templated":true}]}}