{"id":1345,"date":"2022-05-03T12:36:38","date_gmt":"2022-05-03T10:36:38","guid":{"rendered":"https:\/\/diebss.de\/?post_type=product&#038;p=1345"},"modified":"2025-12-12T11:53:04","modified_gmt":"2025-12-12T10:53:04","slug":"martin-natur-damen-schnuerstiefelette-naim","status":"publish","type":"product","link":"https:\/\/diebss.de\/?product=martin-natur-damen-schnuerstiefelette-naim","title":{"rendered":"Martin Natur Damen-Schn\u00fcrstiefelette Naim"},"content":{"rendered":"<p>Martin Natur Schn\u00fcrstiefelette Naim, mit Rei\u00dfverschluss. Weiches Rindsleder, pflanzlich gegerbt, auch das Lederfutter. Anziehschlaufe, Wechselfu\u00dfbett, bezogen mit pflanzlich gegerbtem Leder. Die braune Zwischensohle und die helle Absteppung geben dem Schuh Pfiff. Tragbar Herbst, Winter, Fr\u00fchling \u2026 und an k\u00fchlen Sommertagen auch.<\/p>\n","protected":false},"excerpt":{"rendered":"<p>Martin Natur Schn\u00fcrstiefelette Naim, mit Rei\u00dfverschluss. Weiches Rindsleder, pflanzlich gegerbt, auch das Lederfutter. Anziehschlaufe, Wechselfu\u00dfbett, bezogen mit pflanzlich gegerbtem Leder. Die braune Zwischensohle und die helle Absteppung geben dem Schuh Pfiff. Tragbar Herbst, Winter, Fr\u00fchling \u2026 und an k\u00fchlen Sommertagen auch.<\/p>\n","protected":false},"featured_media":1335,"template":"","meta":[],"product_brand":[],"product_cat":[31,65],"product_tag":[],"class_list":{"0":"post-1345","1":"product","2":"type-product","3":"status-publish","4":"has-post-thumbnail","6":"product_cat-martin-natur","7":"product_cat-schuhe","9":"first","10":"instock","11":"taxable","12":"shipping-taxable","13":"purchasable","14":"product-type-variable"},"_links":{"self":[{"href":"https:\/\/diebss.de\/index.php?rest_route=\/wp\/v2\/product\/1345","targetHints":{"allow":["GET"]}}],"collection":[{"href":"https:\/\/diebss.de\/index.php?rest_route=\/wp\/v2\/product"}],"about":[{"href":"https:\/\/diebss.de\/index.php?rest_route=\/wp\/v2\/types\/product"}],"wp:featuredmedia":[{"embeddable":true,"href":"https:\/\/diebss.de\/index.php?rest_route=\/wp\/v2\/media\/1335"}],"wp:attachment":[{"href":"https:\/\/diebss.de\/index.php?rest_route=%2Fwp%2Fv2%2Fmedia&parent=1345"}],"wp:term":[{"taxonomy":"product_brand","embeddable":true,"href":"https:\/\/diebss.de\/index.php?rest_route=%2Fwp%2Fv2%2Fproduct_brand&post=1345"},{"taxonomy":"product_cat","embeddable":true,"href":"https:\/\/diebss.de\/index.php?rest_route=%2Fwp%2Fv2%2Fproduct_cat&post=1345"},{"taxonomy":"product_tag","embeddable":true,"href":"https:\/\/diebss.de\/index.php?rest_route=%2Fwp%2Fv2%2Fproduct_tag&post=1345"}],"curies":[{"name":"wp","href":"https:\/\/api.w.org\/{rel}","templated":true}]}}