{"id":1328,"date":"2022-05-03T11:31:52","date_gmt":"2022-05-03T09:31:52","guid":{"rendered":"https:\/\/diebss.de\/?post_type=product&#038;p=1328"},"modified":"2022-05-03T21:23:24","modified_gmt":"2022-05-03T19:23:24","slug":"martin-natur-herren-schnuerstiefelette-naim","status":"publish","type":"product","link":"https:\/\/diebss.de\/?product=martin-natur-herren-schnuerstiefelette-naim","title":{"rendered":"Martin Natur Herren-Schn\u00fcrstiefelette Naim"},"content":{"rendered":"<p>Martin Natur Herren-Schn\u00fcrstiefelette Naim, mit Rei\u00dfverschluss. Weiches Rindsleder, pflanzlich gegerbt, ebenso das Futter. Anziehschlaufe, Wechselfu\u00dfbett. Normale Passform. Braune Zwischensohle und helle Absteppung geben dem Stiefel Pfiff.<\/p>\n","protected":false},"excerpt":{"rendered":"<p>Martin Natur Herren-Schn\u00fcrstiefelette Naim, mit Rei\u00dfverschluss. Weiches Rindsleder, pflanzlich gegerbt, ebenso das Futter. Anziehschlaufe, Wechselfu\u00dfbett. Normale Passform. Braune Zwischensohle und helle Absteppung geben dem Stiefel Pfiff.<\/p>\n","protected":false},"featured_media":1301,"template":"","meta":[],"product_brand":[],"product_cat":[31,65],"product_tag":[],"class_list":{"0":"post-1328","1":"product","2":"type-product","3":"status-publish","4":"has-post-thumbnail","6":"product_cat-martin-natur","7":"product_cat-schuhe","9":"first","10":"instock","11":"taxable","12":"shipping-taxable","13":"purchasable","14":"product-type-variable"},"_links":{"self":[{"href":"https:\/\/diebss.de\/index.php?rest_route=\/wp\/v2\/product\/1328","targetHints":{"allow":["GET"]}}],"collection":[{"href":"https:\/\/diebss.de\/index.php?rest_route=\/wp\/v2\/product"}],"about":[{"href":"https:\/\/diebss.de\/index.php?rest_route=\/wp\/v2\/types\/product"}],"wp:featuredmedia":[{"embeddable":true,"href":"https:\/\/diebss.de\/index.php?rest_route=\/wp\/v2\/media\/1301"}],"wp:attachment":[{"href":"https:\/\/diebss.de\/index.php?rest_route=%2Fwp%2Fv2%2Fmedia&parent=1328"}],"wp:term":[{"taxonomy":"product_brand","embeddable":true,"href":"https:\/\/diebss.de\/index.php?rest_route=%2Fwp%2Fv2%2Fproduct_brand&post=1328"},{"taxonomy":"product_cat","embeddable":true,"href":"https:\/\/diebss.de\/index.php?rest_route=%2Fwp%2Fv2%2Fproduct_cat&post=1328"},{"taxonomy":"product_tag","embeddable":true,"href":"https:\/\/diebss.de\/index.php?rest_route=%2Fwp%2Fv2%2Fproduct_tag&post=1328"}],"curies":[{"name":"wp","href":"https:\/\/api.w.org\/{rel}","templated":true}]}}