{"id":1321,"date":"2022-05-03T11:27:20","date_gmt":"2022-05-03T09:27:20","guid":{"rendered":"https:\/\/diebss.de\/?post_type=product&#038;p=1321"},"modified":"2022-05-03T21:23:11","modified_gmt":"2022-05-03T19:23:11","slug":"martin-natur-schnuer-halbschuh-nemo","status":"publish","type":"product","link":"https:\/\/diebss.de\/?product=martin-natur-schnuer-halbschuh-nemo","title":{"rendered":"Martin Natur Schn\u00fcr-Halbschuh Nemo"},"content":{"rendered":"<p>Martin Natur Schn\u00fcr-Halbschuh Nemo f\u00fcr den breiteren Fu\u00df. Pflanzlich gegerbtes Rindleder, auch innen. Wechselfu\u00dfbett mit pflanzlich gegerbtem Leder bezogen, softer Polsterkragen, braune Zwischensohle mit interessanter heller Absteppung.<\/p>\n","protected":false},"excerpt":{"rendered":"<p>Martin Natur Schn\u00fcr-Halbschuh Nemo f\u00fcr den breiteren Fu\u00df. Pflanzlich gegerbtes Rindleder, auch innen. Wechselfu\u00dfbett mit pflanzlich gegerbtem Leder bezogen, softer Polsterkragen, braune Zwischensohle mit interessanter heller Absteppung.<\/p>\n","protected":false},"featured_media":1300,"template":"","meta":[],"product_brand":[],"product_cat":[31,65],"product_tag":[],"class_list":{"0":"post-1321","1":"product","2":"type-product","3":"status-publish","4":"has-post-thumbnail","6":"product_cat-martin-natur","7":"product_cat-schuhe","9":"first","10":"instock","11":"taxable","12":"shipping-taxable","13":"purchasable","14":"product-type-variable"},"_links":{"self":[{"href":"https:\/\/diebss.de\/index.php?rest_route=\/wp\/v2\/product\/1321","targetHints":{"allow":["GET"]}}],"collection":[{"href":"https:\/\/diebss.de\/index.php?rest_route=\/wp\/v2\/product"}],"about":[{"href":"https:\/\/diebss.de\/index.php?rest_route=\/wp\/v2\/types\/product"}],"wp:featuredmedia":[{"embeddable":true,"href":"https:\/\/diebss.de\/index.php?rest_route=\/wp\/v2\/media\/1300"}],"wp:attachment":[{"href":"https:\/\/diebss.de\/index.php?rest_route=%2Fwp%2Fv2%2Fmedia&parent=1321"}],"wp:term":[{"taxonomy":"product_brand","embeddable":true,"href":"https:\/\/diebss.de\/index.php?rest_route=%2Fwp%2Fv2%2Fproduct_brand&post=1321"},{"taxonomy":"product_cat","embeddable":true,"href":"https:\/\/diebss.de\/index.php?rest_route=%2Fwp%2Fv2%2Fproduct_cat&post=1321"},{"taxonomy":"product_tag","embeddable":true,"href":"https:\/\/diebss.de\/index.php?rest_route=%2Fwp%2Fv2%2Fproduct_tag&post=1321"}],"curies":[{"name":"wp","href":"https:\/\/api.w.org\/{rel}","templated":true}]}}