{"id":13,"date":"2021-03-31T21:17:09","date_gmt":"2021-03-31T21:17:09","guid":{"rendered":"https:\/\/shop.diebss.de\/?page_id=13"},"modified":"2021-05-03T23:57:14","modified_gmt":"2021-05-03T21:57:14","slug":"terms","status":"publish","type":"page","link":"https:\/\/diebss.de\/?page_id=13","title":{"rendered":"Allgemeine Gesch\u00e4ftsbedingungen"},"content":{"rendered":"<p>Vertragsbedingungen im Rahmen von Kaufvertr\u00e4gen die \u00fcber die Plattform http:\/\/shop.diebbs.de<br \/>\nzwischen<\/p>\n<p>Die Bremer Schuh-Schachtel<br \/>\nInhaberin: Renate Schwanebeck<br \/>\nM\u00f6nchgasse 1<br \/>\n69117 Heidelberg<\/p>\n<p>Kontakt:<br \/>\nTelefon: +49 (0)170 491 0543<br \/>\nE-Mail: info@DieBSS.de<\/p>\n<p>\u2013 im Folgenden \u201eAnbieter\u201c \u2013<br \/>\nund<br \/>\nden in \u00a7 2 dieser AGB bezeichneten Nutzern dieser Plattform \u2013 im Folgenden \u201eKunde\/Kunden\u201c \u2013 geschlossen werden.<\/p>\n<h3>\u00a7 1 Geltungsbereich<\/h3>\n<p>F\u00fcr die Gesch\u00e4ftsbeziehung zwischen dem Anbieter und dem Kunden gelten ausschlie\u00dflich die nachfolgenden Allgemeinen Gesch\u00e4ftsbedingungen in ihrer zum Zeitpunkt der Bestellung g\u00fcltigen Fassung. Abweichende Bedingungen des Kunden werden nicht anerkannt, es sei denn, der Anbieter stimmt ihrer Geltung ausdr\u00fccklich schriftlich zu.<\/p>\n<h3>\u00a7 2 Vertragsschluss<\/h3>\n<p>(1) Der Kunde kann aus dem Sortiment des Anbieters Produkte ausw\u00e4hlen und diese \u00fcber den Button \u201ein den Warenkorb\u201c in einem so genannten Warenkorb sammeln. \u00dcber den Button \u201eJetzt kaufen\u201c gibt er einen verbindlichen Antrag zum Kauf der im Warenkorb befindlichen Waren ab. Vor Abschicken der Bestellung kann der Kunde die Daten jederzeit \u00e4ndern und einsehen.<br \/>\n(2) Der Anbieter schickt daraufhin dem Kunden eine automatische Empfangsbest\u00e4tigung mit dem Betreff \u201eBest\u00e4tigung Ihrer Bestellung bei der Bremer Schuh-Schachtel\u201c per E-Mail zu, in welcher die Bestellung des Kunden nochmals aufgef\u00fchrt wird und die der Kunde \u00fcber die Funktion \u201eDrucken\u201c ausdrucken kann. Die Bestellung des Kunden (1) stellt hierbei das Angebot zum Vertragsschluss mit dem jeweiligen Inhalt des Warenkorbs dar. Der Anbieter ist berechtigt das Angebot innerhalb von 14 Tagen anzunehmen.<br \/>\nUnmittelbar nach dem Absenden der Bestellung erhalten Sie noch einmal eine Best\u00e4tigung der Bestellung per E-Mail.<br \/>\nDie Empfangsbest\u00e4tigung (Bestellbest\u00e4tigung) stellt die Kenntnisnahme des Angebots durch den Anbieter dar. In dieser wird der Inhalt der Bestellung zusammengefasst.\u00a0 In dieser E-Mail oder in einer separaten E-Mail, jedoch sp\u00e4testens bei Lieferung der Ware, wird der Vertragstext (bestehend aus Bestellung, AGB und Auftragsbest\u00e4tigung) dem Kunden von uns auf einem dauerhaften Datentr\u00e4ger (E-Mail oder Papierausdruck) zugesandt und der Kaufvertrag best\u00e4tigt. Der Vertragstext wird unter Wahrung des Datenschutzes gespeichert.<br \/>\n(3) Der Vertragsschluss erfolgt in den Sprachen: Deutsch.<\/p>\n<h3>\u00a7 3 Lieferung, Warenverf\u00fcgbarkeit, Zahlungsmodalit\u00e4ten<\/h3>\n<p>(1) Die Bestellung wird sp\u00e4testens innerhalb von 72 Stunden (gerechnet ab dem n\u00e4chsten Werktag nach Eingang der \u00dcberweisung) an den Versandpartner \u00fcbergeben. Dies gilt nicht, sofern in der jeweiligen Produktbeschreibung eine abweichende Lieferzeit angegeben ist. Der Versand mit DHL und Hermes dauert \u00fcblicherweise ein bis zwei weitere Werktage.<br \/>\n(2) Ist das vom Kunden in der Bestellung bezeichnete Produkt nur vor\u00fcbergehend nicht verf\u00fcgbar, teilt der Anbieter dem Kunden dies ebenfalls unverz\u00fcglich mit. Bei einer Lieferungsverz\u00f6gerung bei einem vereinbarten und vom Anbieter best\u00e4tigten Termin von mehr als zwei Wochen hat der Kunde das Recht, vom Vertrag zur\u00fcckzutreten. Im \u00dcbrigen ist in diesem Fall auch der Anbieter berechtigt, sich vom Vertrag zu l\u00f6sen. Hierbei wird er eventuell bereits geleistete Zahlungen des Kunden unverz\u00fcglich erstatten.<br \/>\n(3) Der Kunde kann die Zahlung per Vorkassse durch direkte Bank\u00fcberweisung oder per Barzahlung vornehmen.<br \/>\n(4) Die Zahlung des Kaufpreises ist unmittelbar mit der Zusendung der Rechnung f\u00e4llig.<\/p>\n<h3>\u00a7 4 Eigentumsvorbehalt<\/h3>\n<p>Bis zur vollst\u00e4ndigen Bezahlung des Kaufpreises verbleiben die gelieferten Waren im Eigentum des Anbieters.<\/p>\n<h3>\u00a7 5 Preise und Versandkosten<\/h3>\n<p>(1) Alle Preise, die auf der Website des Anbieters angegeben sind, verstehen sich einschlie\u00dflich der jeweils g\u00fcltigen gesetzlichen Umsatzsteuer.<br \/>\n(2) Die entsprechenden Versandkosten werden dem Kunden im Bestellformular angegeben und sind vom Kunden zu tragen, soweit der Kunde nicht von einem etwaigen Widerrufsrecht Gebrauch macht. Die Versandkosten k\u00f6nnen auch separat im Shop eingesehen werden.<br \/>\n(3) Es besteht die M\u00f6glichkeit, die Ware bei Barzahlung abzuholen in der Verkaufsstelle in M\u00f6nchgasse 1, 69117 Heidelberg.<\/p>\n<h3>\u00a7 6 Lieferpflicht, G\u00fctebestimmungen, Gew\u00e4hrleistung<\/h3>\n<p>(1) Der Verk\u00e4ufer verpflichtet sich zur Lieferung der bestellten Artikel.<br \/>\n(2) F\u00fcr Sch\u00e4den, die durch unsachgem\u00e4\u00dfe Behandlung oder Verwendung entstehen, haftet der Verk\u00e4ufer nicht.<br \/>\n(3) Die gesetzliche Gew\u00e4hrleistungspflicht betr\u00e4gt zwei Jahre gem. \u00a7 437 BGB und beginnt mit der \u00dcbergabe der Ware. In dieser Zeit werden alle M\u00e4ngel, die der gesetzlichen Gew\u00e4hrleistungspflicht unterliegen, kostenlos behoben. Bzgl. der Gew\u00e4hrleistung gelten die gesetzlichen Bestimmungen.<\/p>\n<h3>\u00a7 7 Haftung<\/h3>\n<p>(1) Anspr\u00fcche des Kunden auf Schadensersatz sind ausgeschlossen. Hiervon ausgenommen sind Schadensersatzanspr\u00fcche des Kunden aus der Verletzung des Lebens, des K\u00f6rpers, der Gesundheit oder aus der Verletzung wesentlicher Vertragspflichten (Kardinalpflichten) sowie die Haftung f\u00fcr sonstige Sch\u00e4den, die auf einer vors\u00e4tzlichen oder grob fahrl\u00e4ssigen Pflichtverletzung des Anbieters, seiner gesetzlichen Vertreter oder Erf\u00fcllungsgehilfen beruhen. Wesentliche Vertragspflichten sind solche, deren Erf\u00fcllung zur Erreichung des Ziels des Vertrags notwendig ist.<br \/>\n(2) Bei der Verletzung wesentlicher Vertragspflichten haftet der Anbieter nur auf den vertragstypischen, vorhersehbaren Schaden, wenn dieser einfach fahrl\u00e4ssig verursacht wurde, es sei denn, es handelt sich um Schadensersatzanspr\u00fcche des Kunden aus einer Verletzung des Lebens, des K\u00f6rpers oder der Gesundheit.<br \/>\n(3) Die Einschr\u00e4nkungen der Abs. 1 und 2 gelten auch zugunsten der gesetzlichen Vertreter und Erf\u00fcllungsgehilfen des Anbieters, wenn Anspr\u00fcche direkt gegen diese geltend gemacht werden.<br \/>\n(4) Die Vorschriften des Produkthaftungsgesetzes bleiben unber\u00fchrt.<\/p>\n<h3>\u00a7 8 Hinweise zur Datenverarbeitung<\/h3>\n<p>(1) Der Anbieter erhebt im Rahmen der Abwicklung von Vertr\u00e4gen Daten des Kunden. Er beachtet dabei insbesondere die Vorschriften des Bundesdatenschutzgesetzes und des Telemediengesetzes. Ohne Einwilligung des Kunden wird der Anbieter Bestands- und Nutzungsdaten des Kunden nur erheben, verarbeiten oder nutzen, soweit dies f\u00fcr die Abwicklung des Vertragsverh\u00e4ltnisses und f\u00fcr die Inanspruchnahme und Abrechnung von Telemedien erforderlich ist.<br \/>\n(2) Ohne die Einwilligung des Kunden wird der Anbieter Daten des Kunden nicht f\u00fcr Zwecke der Werbung, Markt- oder Meinungsforschung nutzen.<\/p>\n<h3>\u00a7 9 Schlussbestimmungen<\/h3>\n<p>(1) Auf Vertr\u00e4ge zwischen dem Anbieter und den Kunden findet das Recht der Bundesrepublik Deutschland unter Ausschluss des UN-Kaufrechts sowie des internationalen Privatrechts Anwendung.<br \/>\n(2) Sofern es sich beim Kunden um einen Kaufmann, eine juristische Person des \u00f6ffentlichen Rechts oder um ein \u00f6ffentlich-rechtliches Sonderverm\u00f6gen handelt, ist Gerichtsstand f\u00fcr alle Streitigkeiten aus Vertragsverh\u00e4ltnissen zwischen dem Kunden und dem Anbieter der Sitz des Anbieters.<br \/>\n(3) Der Vertrag bleibt auch bei rechtlicher Unwirksamkeit einzelner Punkte in seinen \u00fcbrigen Teilen verbindlich. Anstelle der unwirksamen Punkte treten, soweit vorhanden, die gesetzlichen Vorschriften. Soweit dies f\u00fcr eine Vertragspartei eine unzumutbare H\u00e4rte darstellen w\u00fcrde, wird der Vertrag jedoch im Ganzen unwirksam.<\/p>\n<div class=\"woocommerce woocommerce-gzd woocommerce-gzd-complaints-shortcode\">\n\t\t\t<h3>Alternative Streitbeilegung gem\u00e4\u00df Art. 14 Abs. 1 ODR-VO und \u00a7 36 VSBG:<\/h3>\n\t\nWe are not obliged nor willing to participate in dispute settlement proceedings before a consumer arbitration board.<\/div>\n","protected":false},"excerpt":{"rendered":"<p>Vertragsbedingungen im Rahmen von Kaufvertr\u00e4gen die \u00fcber die Plattform http:\/\/shop.diebbs.de zwischen Die Bremer Schuh-Schachtel Inhaberin: Renate Schwanebeck M\u00f6nchgasse 1 69117 Heidelberg Kontakt: Telefon: +49 (0)170 491 0543 E-Mail: info@DieBSS.de \u2013 im Folgenden \u201eAnbieter\u201c \u2013 und den in \u00a7 2 dieser AGB bezeichneten Nutzern dieser Plattform \u2013 im Folgenden \u201eKunde\/Kunden\u201c \u2013 geschlossen werden. \u00a7 1 Geltungsbereich [&hellip;]<\/p>\n","protected":false},"author":1,"featured_media":0,"parent":0,"menu_order":0,"comment_status":"closed","ping_status":"closed","template":"","meta":{"footnotes":""},"class_list":["post-13","page","type-page","status-publish","hentry"],"_links":{"self":[{"href":"https:\/\/diebss.de\/index.php?rest_route=\/wp\/v2\/pages\/13","targetHints":{"allow":["GET"]}}],"collection":[{"href":"https:\/\/diebss.de\/index.php?rest_route=\/wp\/v2\/pages"}],"about":[{"href":"https:\/\/diebss.de\/index.php?rest_route=\/wp\/v2\/types\/page"}],"author":[{"embeddable":true,"href":"https:\/\/diebss.de\/index.php?rest_route=\/wp\/v2\/users\/1"}],"replies":[{"embeddable":true,"href":"https:\/\/diebss.de\/index.php?rest_route=%2Fwp%2Fv2%2Fcomments&post=13"}],"version-history":[{"count":3,"href":"https:\/\/diebss.de\/index.php?rest_route=\/wp\/v2\/pages\/13\/revisions"}],"predecessor-version":[{"id":309,"href":"https:\/\/diebss.de\/index.php?rest_route=\/wp\/v2\/pages\/13\/revisions\/309"}],"wp:attachment":[{"href":"https:\/\/diebss.de\/index.php?rest_route=%2Fwp%2Fv2%2Fmedia&parent=13"}],"curies":[{"name":"wp","href":"https:\/\/api.w.org\/{rel}","templated":true}]}}